{"id":1662,"date":"2025-09-27T11:07:32","date_gmt":"2025-09-27T09:07:32","guid":{"rendered":"https:\/\/tonysfoodtruck.be\/product\/noedels-pad-thai-met-scampi\/"},"modified":"2026-01-05T11:23:34","modified_gmt":"2026-01-05T10:23:34","slug":"nouilles-pad-thai-aux-scampis-ok","status":"publish","type":"product","link":"https:\/\/tonysfoodtruck.be\/fr\/product\/nouilles-pad-thai-aux-scampis-ok\/","title":{"rendered":"Nouilles Pad Thai avec scampi - menu"},"content":{"rendered":"<p>Menu nouilles Pad Thai avec scampi : Nouilles saut\u00e9es avec des langoustines, des l\u00e9gumes frais, des \u0153ufs, des cacahu\u00e8tes et une d\u00e9licate sauce au tamarin. Un d\u00e9licieux classique tha\u00eflandais. <\/p>\n","protected":false},"excerpt":{"rendered":"<p>Menu nouilles Pad Thai avec scampi : Nouilles saut\u00e9es avec  [&#8230;]<\/p>\n","protected":false},"featured_media":1174,"comment_status":"open","ping_status":"closed","template":"","meta":[],"product_brand":[],"product_cat":[161,300,301],"product_tag":[226,225,346,224],"class_list":{"0":"post-1662","1":"product","2":"type-product","3":"status-publish","4":"has-post-thumbnail","6":"product_cat-menus-fr","7":"product_cat-menus-thailandais","8":"product_cat-thailandais","9":"product_tag-nouilles","10":"product_tag-pad-thai-fr","11":"product_tag-scampi","12":"product_tag-thailandais","14":"first","15":"instock","16":"taxable","17":"shipping-taxable","18":"purchasable","19":"product-type-simple"},"_links":{"self":[{"href":"https:\/\/tonysfoodtruck.be\/fr\/wp-json\/wp\/v2\/product\/1662","targetHints":{"allow":["GET"]}}],"collection":[{"href":"https:\/\/tonysfoodtruck.be\/fr\/wp-json\/wp\/v2\/product"}],"about":[{"href":"https:\/\/tonysfoodtruck.be\/fr\/wp-json\/wp\/v2\/types\/product"}],"replies":[{"embeddable":true,"href":"https:\/\/tonysfoodtruck.be\/fr\/wp-json\/wp\/v2\/comments?post=1662"}],"wp:featuredmedia":[{"embeddable":true,"href":"https:\/\/tonysfoodtruck.be\/fr\/wp-json\/wp\/v2\/media\/1174"}],"wp:attachment":[{"href":"https:\/\/tonysfoodtruck.be\/fr\/wp-json\/wp\/v2\/media?parent=1662"}],"wp:term":[{"taxonomy":"product_brand","embeddable":true,"href":"https:\/\/tonysfoodtruck.be\/fr\/wp-json\/wp\/v2\/product_brand?post=1662"},{"taxonomy":"product_cat","embeddable":true,"href":"https:\/\/tonysfoodtruck.be\/fr\/wp-json\/wp\/v2\/product_cat?post=1662"},{"taxonomy":"product_tag","embeddable":true,"href":"https:\/\/tonysfoodtruck.be\/fr\/wp-json\/wp\/v2\/product_tag?post=1662"}],"curies":[{"name":"wp","href":"https:\/\/api.w.org\/{rel}","templated":true}]}}