{"id":1630,"date":"2025-09-27T11:32:04","date_gmt":"2025-09-27T09:32:04","guid":{"rendered":"https:\/\/tonysfoodtruck.be\/?post_type=product&#038;p=1630"},"modified":"2026-01-05T11:22:32","modified_gmt":"2026-01-05T10:22:32","slug":"riz-pad-thai-vegetariennes","status":"publish","type":"product","link":"https:\/\/tonysfoodtruck.be\/fr\/product\/riz-pad-thai-vegetariennes\/","title":{"rendered":"Riz Pad Thai v\u00e9g\u00e9tarien"},"content":{"rendered":"<p>Rice Pad Thai v\u00e9g\u00e9tarien : riz saut\u00e9, v\u00e9g\u00e9tarien, l\u00e9gumes frais, \u0153uf, cacahu\u00e8tes et une d\u00e9licate sauce au tamarin. Un d\u00e9licieux classique tha\u00eflandais. <\/p>\n","protected":false},"excerpt":{"rendered":"<p>Rice Pad Thai v\u00e9g\u00e9tarien : riz saut\u00e9, v\u00e9g\u00e9tarien, l\u00e9gumes frais,  [&#8230;]<\/p>\n","protected":false},"featured_media":1645,"comment_status":"open","ping_status":"closed","template":"","meta":[],"product_brand":[],"product_cat":[301],"product_tag":[225,74,224,305],"class_list":{"0":"post-1630","1":"product","2":"type-product","3":"status-publish","4":"has-post-thumbnail","6":"product_cat-thailandais","7":"product_tag-pad-thai-fr","8":"product_tag-riz","9":"product_tag-thailandais","10":"product_tag-vegetarien","12":"first","13":"instock","14":"taxable","15":"shipping-taxable","16":"purchasable","17":"product-type-simple"},"_links":{"self":[{"href":"https:\/\/tonysfoodtruck.be\/fr\/wp-json\/wp\/v2\/product\/1630","targetHints":{"allow":["GET"]}}],"collection":[{"href":"https:\/\/tonysfoodtruck.be\/fr\/wp-json\/wp\/v2\/product"}],"about":[{"href":"https:\/\/tonysfoodtruck.be\/fr\/wp-json\/wp\/v2\/types\/product"}],"replies":[{"embeddable":true,"href":"https:\/\/tonysfoodtruck.be\/fr\/wp-json\/wp\/v2\/comments?post=1630"}],"wp:featuredmedia":[{"embeddable":true,"href":"https:\/\/tonysfoodtruck.be\/fr\/wp-json\/wp\/v2\/media\/1645"}],"wp:attachment":[{"href":"https:\/\/tonysfoodtruck.be\/fr\/wp-json\/wp\/v2\/media?parent=1630"}],"wp:term":[{"taxonomy":"product_brand","embeddable":true,"href":"https:\/\/tonysfoodtruck.be\/fr\/wp-json\/wp\/v2\/product_brand?post=1630"},{"taxonomy":"product_cat","embeddable":true,"href":"https:\/\/tonysfoodtruck.be\/fr\/wp-json\/wp\/v2\/product_cat?post=1630"},{"taxonomy":"product_tag","embeddable":true,"href":"https:\/\/tonysfoodtruck.be\/fr\/wp-json\/wp\/v2\/product_tag?post=1630"}],"curies":[{"name":"wp","href":"https:\/\/api.w.org\/{rel}","templated":true}]}}