{"id":1414,"date":"2025-07-13T01:02:06","date_gmt":"2025-07-12T23:02:06","guid":{"rendered":"https:\/\/tonysfoodtruck.be\/product\/gaufre-de-liege-boule-de-glace\/"},"modified":"2026-01-05T11:31:19","modified_gmt":"2026-01-05T10:31:19","slug":"gaufre-de-liege-boule-de-glace","status":"publish","type":"product","link":"https:\/\/tonysfoodtruck.be\/fr\/product\/gaufre-de-liege-boule-de-glace\/","title":{"rendered":"Gaufre de Li\u00e8ge et boule de glace"},"content":{"rendered":"<p><strong>Gaufre de Li\u00e8ge et boule de glace :<\/strong> Gaufre de Li\u00e8ge chaude avec une boule de glace cr\u00e9meuse \u00e0 la vanille. Production propre. La combinaison parfaite du chaud et du froid - un vrai r\u00e9gal.<\/p>\n","protected":false},"excerpt":{"rendered":"<p>Gaufre de Li\u00e8ge et boule de glace : Gaufre de  [&#8230;]<\/p>\n","protected":false},"featured_media":959,"comment_status":"open","ping_status":"closed","template":"","meta":[],"product_brand":[],"product_cat":[84],"product_tag":[237,81,233],"class_list":{"0":"post-1414","1":"product","2":"type-product","3":"status-publish","4":"has-post-thumbnail","6":"product_cat-douceurs","7":"product_tag-creme-glacee-fr","8":"product_tag-gaufre","9":"product_tag-gaufre-de-liege","11":"first","12":"instock","13":"taxable","14":"shipping-taxable","15":"purchasable","16":"product-type-simple"},"_links":{"self":[{"href":"https:\/\/tonysfoodtruck.be\/fr\/wp-json\/wp\/v2\/product\/1414","targetHints":{"allow":["GET"]}}],"collection":[{"href":"https:\/\/tonysfoodtruck.be\/fr\/wp-json\/wp\/v2\/product"}],"about":[{"href":"https:\/\/tonysfoodtruck.be\/fr\/wp-json\/wp\/v2\/types\/product"}],"replies":[{"embeddable":true,"href":"https:\/\/tonysfoodtruck.be\/fr\/wp-json\/wp\/v2\/comments?post=1414"}],"wp:featuredmedia":[{"embeddable":true,"href":"https:\/\/tonysfoodtruck.be\/fr\/wp-json\/wp\/v2\/media\/959"}],"wp:attachment":[{"href":"https:\/\/tonysfoodtruck.be\/fr\/wp-json\/wp\/v2\/media?parent=1414"}],"wp:term":[{"taxonomy":"product_brand","embeddable":true,"href":"https:\/\/tonysfoodtruck.be\/fr\/wp-json\/wp\/v2\/product_brand?post=1414"},{"taxonomy":"product_cat","embeddable":true,"href":"https:\/\/tonysfoodtruck.be\/fr\/wp-json\/wp\/v2\/product_cat?post=1414"},{"taxonomy":"product_tag","embeddable":true,"href":"https:\/\/tonysfoodtruck.be\/fr\/wp-json\/wp\/v2\/product_tag?post=1414"}],"curies":[{"name":"wp","href":"https:\/\/api.w.org\/{rel}","templated":true}]}}