{"id":1395,"date":"2025-07-13T01:49:50","date_gmt":"2025-07-12T23:49:50","guid":{"rendered":"https:\/\/tonysfoodtruck.be\/product\/polo-up-lemon\/"},"modified":"2026-01-05T11:29:34","modified_gmt":"2026-01-05T10:29:34","slug":"polo-up-lemon","status":"publish","type":"product","link":"https:\/\/tonysfoodtruck.be\/fr\/product\/polo-up-lemon\/","title":{"rendered":"Polo up Lemon"},"content":{"rendered":"<p><strong>Polo up Lemon :<\/strong> glace rafra\u00eechissante \u00e0 l&rsquo;eau de citron de La Menorquina. D\u00e9licieusement acidul\u00e9e - fra\u00eeche pour une journ\u00e9e chaude. <\/p>\n","protected":false},"excerpt":{"rendered":"<p>Polo up Lemon : glace rafra\u00eechissante \u00e0 l&rsquo;eau de citron  [&#8230;]<\/p>\n","protected":false},"featured_media":977,"comment_status":"open","ping_status":"closed","template":"","meta":[],"product_brand":[],"product_cat":[84],"product_tag":[212,198,197],"class_list":{"0":"post-1395","1":"product","2":"type-product","3":"status-publish","4":"has-post-thumbnail","6":"product_cat-douceurs","7":"product_tag-citron","8":"product_tag-les-glaces","9":"product_tag-sucettes","11":"first","12":"instock","13":"taxable","14":"shipping-taxable","15":"purchasable","16":"product-type-simple"},"_links":{"self":[{"href":"https:\/\/tonysfoodtruck.be\/fr\/wp-json\/wp\/v2\/product\/1395","targetHints":{"allow":["GET"]}}],"collection":[{"href":"https:\/\/tonysfoodtruck.be\/fr\/wp-json\/wp\/v2\/product"}],"about":[{"href":"https:\/\/tonysfoodtruck.be\/fr\/wp-json\/wp\/v2\/types\/product"}],"replies":[{"embeddable":true,"href":"https:\/\/tonysfoodtruck.be\/fr\/wp-json\/wp\/v2\/comments?post=1395"}],"wp:featuredmedia":[{"embeddable":true,"href":"https:\/\/tonysfoodtruck.be\/fr\/wp-json\/wp\/v2\/media\/977"}],"wp:attachment":[{"href":"https:\/\/tonysfoodtruck.be\/fr\/wp-json\/wp\/v2\/media?parent=1395"}],"wp:term":[{"taxonomy":"product_brand","embeddable":true,"href":"https:\/\/tonysfoodtruck.be\/fr\/wp-json\/wp\/v2\/product_brand?post=1395"},{"taxonomy":"product_cat","embeddable":true,"href":"https:\/\/tonysfoodtruck.be\/fr\/wp-json\/wp\/v2\/product_cat?post=1395"},{"taxonomy":"product_tag","embeddable":true,"href":"https:\/\/tonysfoodtruck.be\/fr\/wp-json\/wp\/v2\/product_tag?post=1395"}],"curies":[{"name":"wp","href":"https:\/\/api.w.org\/{rel}","templated":true}]}}