{"id":1394,"date":"2025-07-13T01:54:48","date_gmt":"2025-07-12T23:54:48","guid":{"rendered":"https:\/\/tonysfoodtruck.be\/product\/bonbon-blanc\/"},"modified":"2026-01-05T11:28:54","modified_gmt":"2026-01-05T10:28:54","slug":"bonbon-blanc","status":"publish","type":"product","link":"https:\/\/tonysfoodtruck.be\/fr\/product\/bonbon-blanc\/","title":{"rendered":"Bonbon blanc"},"content":{"rendered":"<p><strong>Bonbon blanc :<\/strong> glace cr\u00e9meuse \u00e0 la vanille enrob\u00e9e de chocolat blanc. Doux, sucr\u00e9 et irr\u00e9sistible. <\/p>\n","protected":false},"excerpt":{"rendered":"<p>Bonbon blanc : glace cr\u00e9meuse \u00e0 la vanille enrob\u00e9e de  [&#8230;]<\/p>\n","protected":false},"featured_media":992,"comment_status":"open","ping_status":"closed","template":"","meta":[],"product_brand":[],"product_cat":[84],"product_tag":[210,171],"class_list":{"0":"post-1394","1":"product","2":"type-product","3":"status-publish","4":"has-post-thumbnail","6":"product_cat-douceurs","7":"product_tag-blanc","8":"product_tag-ijs-creme-fr","10":"first","11":"instock","12":"taxable","13":"shipping-taxable","14":"purchasable","15":"product-type-simple"},"_links":{"self":[{"href":"https:\/\/tonysfoodtruck.be\/fr\/wp-json\/wp\/v2\/product\/1394","targetHints":{"allow":["GET"]}}],"collection":[{"href":"https:\/\/tonysfoodtruck.be\/fr\/wp-json\/wp\/v2\/product"}],"about":[{"href":"https:\/\/tonysfoodtruck.be\/fr\/wp-json\/wp\/v2\/types\/product"}],"replies":[{"embeddable":true,"href":"https:\/\/tonysfoodtruck.be\/fr\/wp-json\/wp\/v2\/comments?post=1394"}],"wp:featuredmedia":[{"embeddable":true,"href":"https:\/\/tonysfoodtruck.be\/fr\/wp-json\/wp\/v2\/media\/992"}],"wp:attachment":[{"href":"https:\/\/tonysfoodtruck.be\/fr\/wp-json\/wp\/v2\/media?parent=1394"}],"wp:term":[{"taxonomy":"product_brand","embeddable":true,"href":"https:\/\/tonysfoodtruck.be\/fr\/wp-json\/wp\/v2\/product_brand?post=1394"},{"taxonomy":"product_cat","embeddable":true,"href":"https:\/\/tonysfoodtruck.be\/fr\/wp-json\/wp\/v2\/product_cat?post=1394"},{"taxonomy":"product_tag","embeddable":true,"href":"https:\/\/tonysfoodtruck.be\/fr\/wp-json\/wp\/v2\/product_tag?post=1394"}],"curies":[{"name":"wp","href":"https:\/\/api.w.org\/{rel}","templated":true}]}}