{"id":1391,"date":"2025-07-13T01:48:15","date_gmt":"2025-07-12T23:48:15","guid":{"rendered":"https:\/\/tonysfoodtruck.be\/product\/polo-up-fraise\/"},"modified":"2026-01-05T16:59:23","modified_gmt":"2026-01-05T15:59:23","slug":"polo-up-fraise","status":"publish","type":"product","link":"https:\/\/tonysfoodtruck.be\/fr\/product\/polo-up-fraise\/","title":{"rendered":"Polo up fraise"},"content":{"rendered":"<p><strong>Polo up fraise :<\/strong> glace \u00e0 l&rsquo;eau fruit\u00e9e au doux parfum de fraise de La Menorquina. Rafra\u00eechissante et cr\u00e9meuse. <\/p>\n","protected":false},"excerpt":{"rendered":"<p>Polo up fraise : glace \u00e0 l&rsquo;eau fruit\u00e9e au doux  [&#8230;]<\/p>\n","protected":false},"featured_media":980,"comment_status":"open","ping_status":"closed","template":"","meta":[],"product_brand":[],"product_cat":[84],"product_tag":[205,370,198,197],"class_list":{"0":"post-1391","1":"product","2":"type-product","3":"status-publish","4":"has-post-thumbnail","6":"product_cat-douceurs","7":"product_tag-fraise","8":"product_tag-fraise-2","9":"product_tag-les-glaces","10":"product_tag-sucettes","12":"first","13":"instock","14":"taxable","15":"shipping-taxable","16":"purchasable","17":"product-type-simple"},"_links":{"self":[{"href":"https:\/\/tonysfoodtruck.be\/fr\/wp-json\/wp\/v2\/product\/1391","targetHints":{"allow":["GET"]}}],"collection":[{"href":"https:\/\/tonysfoodtruck.be\/fr\/wp-json\/wp\/v2\/product"}],"about":[{"href":"https:\/\/tonysfoodtruck.be\/fr\/wp-json\/wp\/v2\/types\/product"}],"replies":[{"embeddable":true,"href":"https:\/\/tonysfoodtruck.be\/fr\/wp-json\/wp\/v2\/comments?post=1391"}],"wp:featuredmedia":[{"embeddable":true,"href":"https:\/\/tonysfoodtruck.be\/fr\/wp-json\/wp\/v2\/media\/980"}],"wp:attachment":[{"href":"https:\/\/tonysfoodtruck.be\/fr\/wp-json\/wp\/v2\/media?parent=1391"}],"wp:term":[{"taxonomy":"product_brand","embeddable":true,"href":"https:\/\/tonysfoodtruck.be\/fr\/wp-json\/wp\/v2\/product_brand?post=1391"},{"taxonomy":"product_cat","embeddable":true,"href":"https:\/\/tonysfoodtruck.be\/fr\/wp-json\/wp\/v2\/product_cat?post=1391"},{"taxonomy":"product_tag","embeddable":true,"href":"https:\/\/tonysfoodtruck.be\/fr\/wp-json\/wp\/v2\/product_tag?post=1391"}],"curies":[{"name":"wp","href":"https:\/\/api.w.org\/{rel}","templated":true}]}}