{"id":1387,"date":"2025-07-13T01:45:34","date_gmt":"2025-07-12T23:45:34","guid":{"rendered":"https:\/\/tonysfoodtruck.be\/product\/polo-up-cola\/"},"modified":"2026-01-05T11:30:01","modified_gmt":"2026-01-05T10:30:01","slug":"polo-up-cola","status":"publish","type":"product","link":"https:\/\/tonysfoodtruck.be\/fr\/product\/polo-up-cola\/","title":{"rendered":"Polo up cola"},"content":{"rendered":"<p><strong>Polo up cola :<\/strong> glace \u00e0 l&rsquo;eau rafra\u00eechissante au go\u00fbt authentique de cola. Une g\u00e2terie nostalgique pour les jeunes et les moins jeunes. <\/p>\n","protected":false},"excerpt":{"rendered":"<p>Polo up cola : glace \u00e0 l&rsquo;eau rafra\u00eechissante au go\u00fbt  [&#8230;]<\/p>\n","protected":false},"featured_media":1001,"comment_status":"open","ping_status":"closed","template":"","meta":[],"product_brand":[],"product_cat":[84],"product_tag":[199,198,197],"class_list":{"0":"post-1387","1":"product","2":"type-product","3":"status-publish","4":"has-post-thumbnail","6":"product_cat-douceurs","7":"product_tag-cola-fr","8":"product_tag-les-glaces","9":"product_tag-sucettes","11":"first","12":"instock","13":"taxable","14":"shipping-taxable","15":"purchasable","16":"product-type-simple"},"_links":{"self":[{"href":"https:\/\/tonysfoodtruck.be\/fr\/wp-json\/wp\/v2\/product\/1387","targetHints":{"allow":["GET"]}}],"collection":[{"href":"https:\/\/tonysfoodtruck.be\/fr\/wp-json\/wp\/v2\/product"}],"about":[{"href":"https:\/\/tonysfoodtruck.be\/fr\/wp-json\/wp\/v2\/types\/product"}],"replies":[{"embeddable":true,"href":"https:\/\/tonysfoodtruck.be\/fr\/wp-json\/wp\/v2\/comments?post=1387"}],"wp:featuredmedia":[{"embeddable":true,"href":"https:\/\/tonysfoodtruck.be\/fr\/wp-json\/wp\/v2\/media\/1001"}],"wp:attachment":[{"href":"https:\/\/tonysfoodtruck.be\/fr\/wp-json\/wp\/v2\/media?parent=1387"}],"wp:term":[{"taxonomy":"product_brand","embeddable":true,"href":"https:\/\/tonysfoodtruck.be\/fr\/wp-json\/wp\/v2\/product_brand?post=1387"},{"taxonomy":"product_cat","embeddable":true,"href":"https:\/\/tonysfoodtruck.be\/fr\/wp-json\/wp\/v2\/product_cat?post=1387"},{"taxonomy":"product_tag","embeddable":true,"href":"https:\/\/tonysfoodtruck.be\/fr\/wp-json\/wp\/v2\/product_tag?post=1387"}],"curies":[{"name":"wp","href":"https:\/\/api.w.org\/{rel}","templated":true}]}}