{"id":1364,"date":"2025-07-13T12:29:35","date_gmt":"2025-07-13T10:29:35","guid":{"rendered":"https:\/\/tonysfoodtruck.be\/product\/suikerspin-klein-blauw\/"},"modified":"2026-01-05T17:54:29","modified_gmt":"2026-01-05T16:54:29","slug":"petite-barbe-a-papa-bleue","status":"publish","type":"product","link":"https:\/\/tonysfoodtruck.be\/fr\/product\/petite-barbe-a-papa-bleue\/","title":{"rendered":"Barbe \u00e0 papa petit bleu"},"content":{"rendered":"<p>Barbe <strong>\u00e0 papa petit bleu :<\/strong> Barbe \u00e0 papa d&rsquo;un bleu a\u00e9rien, fil\u00e9e \u00e0 la main sur le food truck. Un classique sucr\u00e9 qui fond sur la langue. Un favori des enfants et des f\u00eates.<\/p>\n","protected":false},"excerpt":{"rendered":"<p>Barbe \u00e0 papa petit bleu : Barbe \u00e0 papa d&rsquo;un  [&#8230;]<\/p>\n","protected":false},"featured_media":1202,"comment_status":"open","ping_status":"closed","template":"","meta":[],"product_brand":[],"product_cat":[84],"product_tag":[163],"class_list":{"0":"post-1364","1":"product","2":"type-product","3":"status-publish","4":"has-post-thumbnail","6":"product_cat-douceurs","7":"product_tag-barbe-a-pappa","9":"first","10":"instock","11":"taxable","12":"shipping-taxable","13":"purchasable","14":"product-type-simple"},"_links":{"self":[{"href":"https:\/\/tonysfoodtruck.be\/fr\/wp-json\/wp\/v2\/product\/1364","targetHints":{"allow":["GET"]}}],"collection":[{"href":"https:\/\/tonysfoodtruck.be\/fr\/wp-json\/wp\/v2\/product"}],"about":[{"href":"https:\/\/tonysfoodtruck.be\/fr\/wp-json\/wp\/v2\/types\/product"}],"replies":[{"embeddable":true,"href":"https:\/\/tonysfoodtruck.be\/fr\/wp-json\/wp\/v2\/comments?post=1364"}],"wp:featuredmedia":[{"embeddable":true,"href":"https:\/\/tonysfoodtruck.be\/fr\/wp-json\/wp\/v2\/media\/1202"}],"wp:attachment":[{"href":"https:\/\/tonysfoodtruck.be\/fr\/wp-json\/wp\/v2\/media?parent=1364"}],"wp:term":[{"taxonomy":"product_brand","embeddable":true,"href":"https:\/\/tonysfoodtruck.be\/fr\/wp-json\/wp\/v2\/product_brand?post=1364"},{"taxonomy":"product_cat","embeddable":true,"href":"https:\/\/tonysfoodtruck.be\/fr\/wp-json\/wp\/v2\/product_cat?post=1364"},{"taxonomy":"product_tag","embeddable":true,"href":"https:\/\/tonysfoodtruck.be\/fr\/wp-json\/wp\/v2\/product_tag?post=1364"}],"curies":[{"name":"wp","href":"https:\/\/api.w.org\/{rel}","templated":true}]}}