{"id":2838,"date":"2025-11-29T22:50:27","date_gmt":"2025-11-29T21:50:27","guid":{"rendered":"https:\/\/tonysfoodtruck.be\/demande-de-devis-festivals-et-evenements\/"},"modified":"2025-11-29T23:25:44","modified_gmt":"2025-11-29T22:25:44","slug":"demande-de-devis-festivals-et-evenements","status":"publish","type":"page","link":"https:\/\/tonysfoodtruck.be\/fr\/demande-de-devis-festivals-et-evenements\/","title":{"rendered":"Demande de devis festivals et \u00e9v\u00e9nements"},"content":{"rendered":"<h2>Merci beaucoup pour votre demande !<\/h2>\n<p>Si vous avez d\u00e9j\u00e0 une id\u00e9e pr\u00e9cise de vos besoins, vous pouvez sans aucun doute effectuer votre r\u00e9servation d\u00e8s maintenant via nos <a href=\"https:\/\/tonysfoodtruck.be\/fr\/nos-menus\/\"><strong>menus de s\u00e9lection<\/strong><\/a> et la page de paiement, toutes les options sont disponibles !<\/p>\n\n<div class=\"wpcf7 no-js\" id=\"wpcf7-f2854-o1\" lang=\"fr-FR\" dir=\"ltr\" data-wpcf7-id=\"2854\">\n<div class=\"screen-reader-response\"><p role=\"status\" aria-live=\"polite\" aria-atomic=\"true\"><\/p> <ul><\/ul><\/div>\n<form action=\"\/fr\/wp-json\/wp\/v2\/pages\/2838#wpcf7-f2854-o1\" method=\"post\" class=\"wpcf7-form init\" aria-label=\"Formulaire de contact\" novalidate=\"novalidate\" data-status=\"init\">\n<fieldset class=\"hidden-fields-container\"><input type=\"hidden\" name=\"_wpcf7\" value=\"2854\" \/><input type=\"hidden\" name=\"_wpcf7_version\" value=\"6.1.5\" \/><input type=\"hidden\" name=\"_wpcf7_locale\" value=\"fr_FR\" \/><input type=\"hidden\" name=\"_wpcf7_unit_tag\" value=\"wpcf7-f2854-o1\" \/><input type=\"hidden\" name=\"_wpcf7_container_post\" value=\"0\" \/><input type=\"hidden\" name=\"_wpcf7_posted_data_hash\" value=\"\" \/>\n<\/fieldset>\n<p><label>Nom (obligatoire)<br \/>\n<span class=\"wpcf7-form-control-wrap\" data-name=\"your-name\"><input size=\"40\" maxlength=\"400\" class=\"wpcf7-form-control wpcf7-text wpcf7-validates-as-required\" aria-required=\"true\" aria-invalid=\"false\" value=\"\" type=\"text\" name=\"your-name\" \/><\/span><\/label>\n<\/p>\n<p><label>Adresse \u00e9lectronique (obligatoire)<br \/>\n<span class=\"wpcf7-form-control-wrap\" data-name=\"your-email\"><input size=\"40\" maxlength=\"400\" class=\"wpcf7-form-control wpcf7-email wpcf7-validates-as-required wpcf7-text wpcf7-validates-as-email\" aria-required=\"true\" aria-invalid=\"false\" value=\"\" type=\"email\" name=\"your-email\" \/><\/span><\/label>\n<\/p>\n<p><label>Num\u00e9ro de t\u00e9l\u00e9phone (obligatoire)<br \/>\n<span class=\"wpcf7-form-control-wrap\" data-name=\"phone\"><input size=\"40\" maxlength=\"400\" class=\"wpcf7-form-control wpcf7-tel wpcf7-validates-as-required wpcf7-text wpcf7-validates-as-tel\" aria-required=\"true\" aria-invalid=\"false\" value=\"\" type=\"tel\" name=\"phone\" \/><\/span><\/label>\n<\/p>\n<p><label>Nom de l'entreprise (facultatif)<br \/>\n<span class=\"wpcf7-form-control-wrap\" data-name=\"company\"><input size=\"40\" maxlength=\"400\" class=\"wpcf7-form-control wpcf7-text\" aria-invalid=\"false\" value=\"\" type=\"text\" name=\"company\" \/><\/span><\/label>\n<\/p>\n<p><label>Adresse (obligatoire)<br \/>\n<span class=\"wpcf7-form-control-wrap\" data-name=\"address\"><input size=\"40\" maxlength=\"400\" class=\"wpcf7-form-control wpcf7-text wpcf7-validates-as-required\" aria-required=\"true\" aria-invalid=\"false\" value=\"\" type=\"text\" name=\"address\" \/><\/span><\/label>\n<\/p>\n<p><label>Num\u00e9ro de TVA (facultatif)<br \/>\n<span class=\"wpcf7-form-control-wrap\" data-name=\"vat-number\"><input size=\"40\" maxlength=\"400\" class=\"wpcf7-form-control wpcf7-text\" aria-invalid=\"false\" value=\"\" type=\"text\" name=\"vat-number\" \/><\/span><\/label>\n<\/p>\n<p><label>Qu'est-ce qui vous int\u00e9resse ?<\/label><br \/>\n<span class=\"wpcf7-form-control-wrap\" data-name=\"interests\"><span class=\"wpcf7-form-control wpcf7-checkbox\"><span class=\"wpcf7-list-item first\"><input type=\"checkbox\" name=\"interests[]\" value=\"Cuisine tha\u00eflandaise\" \/><span class=\"wpcf7-list-item-label\">Cuisine tha\u00eflandaise<\/span><\/span><span class=\"wpcf7-list-item\"><input type=\"checkbox\" name=\"interests[]\" value=\"Friture\" \/><span class=\"wpcf7-list-item-label\">Friture<\/span><\/span><span class=\"wpcf7-list-item last\"><input type=\"checkbox\" name=\"interests[]\" value=\"Desserts, sucreries\" \/><span class=\"wpcf7-list-item-label\">Desserts, sucreries<\/span><\/span><\/span><\/span>\n<\/p>\n<p><label>Nombre de personnes attendues<br \/>\n<span class=\"wpcf7-form-control-wrap\" data-name=\"guest-count\"><input class=\"wpcf7-form-control wpcf7-number wpcf7-validates-as-required wpcf7-validates-as-number\" min=\"1\" aria-required=\"true\" aria-invalid=\"false\" value=\"\" type=\"number\" name=\"guest-count\" \/><\/span><\/label>\n<\/p>\n<p><label>Informations compl\u00e9mentaires ou questions<br \/>\n<span class=\"wpcf7-form-control-wrap\" data-name=\"your-message\"><textarea cols=\"40\" rows=\"10\" maxlength=\"2000\" class=\"wpcf7-form-control wpcf7-textarea\" aria-invalid=\"false\" name=\"your-message\"><\/textarea><\/span><\/label>\n<\/p>\n<input class=\"wpcf7-form-control wpcf7-hidden\" value=\"\" type=\"hidden\" name=\"inquiry-type\" \/>\n<p><input class=\"wpcf7-form-control wpcf7-submit has-spinner\" type=\"submit\" value=\"Envoyer une demande de devis\" \/>\n<\/p><div class=\"fusion-alert alert custom alert-custom fusion-alert-center wpcf7-response-output awb-alert-native-link-color alert-dismissable awb-alert-close-boxed\" style=\"--awb-border-size:1px;--awb-border-top-left-radius:0px;--awb-border-top-right-radius:0px;--awb-border-bottom-left-radius:0px;--awb-border-bottom-right-radius:0px;\" role=\"alert\"><div class=\"fusion-alert-content-wrapper\"><span class=\"fusion-alert-content\"><\/span><\/div><button type=\"button\" class=\"close toggle-alert\" data-dismiss=\"alert\" aria-label=\"Fermer\">&times;<\/button><\/div>\n<\/form>\n<\/div>\n\n","protected":false},"excerpt":{"rendered":"<p>Merci beaucoup pour votre demande ! Si vous avez d\u00e9j\u00e0  [&#8230;]<\/p>\n","protected":false},"author":1,"featured_media":0,"parent":0,"menu_order":0,"comment_status":"closed","ping_status":"closed","template":"","meta":{"footnotes":""},"class_list":["post-2838","page","type-page","status-publish","hentry"],"_links":{"self":[{"href":"https:\/\/tonysfoodtruck.be\/fr\/wp-json\/wp\/v2\/pages\/2838","targetHints":{"allow":["GET"]}}],"collection":[{"href":"https:\/\/tonysfoodtruck.be\/fr\/wp-json\/wp\/v2\/pages"}],"about":[{"href":"https:\/\/tonysfoodtruck.be\/fr\/wp-json\/wp\/v2\/types\/page"}],"author":[{"embeddable":true,"href":"https:\/\/tonysfoodtruck.be\/fr\/wp-json\/wp\/v2\/users\/1"}],"replies":[{"embeddable":true,"href":"https:\/\/tonysfoodtruck.be\/fr\/wp-json\/wp\/v2\/comments?post=2838"}],"version-history":[{"count":8,"href":"https:\/\/tonysfoodtruck.be\/fr\/wp-json\/wp\/v2\/pages\/2838\/revisions"}],"predecessor-version":[{"id":2872,"href":"https:\/\/tonysfoodtruck.be\/fr\/wp-json\/wp\/v2\/pages\/2838\/revisions\/2872"}],"wp:attachment":[{"href":"https:\/\/tonysfoodtruck.be\/fr\/wp-json\/wp\/v2\/media?parent=2838"}],"curies":[{"name":"wp","href":"https:\/\/api.w.org\/{rel}","templated":true}]}}